{"id":10247,"date":"2024-08-31T18:26:27","date_gmt":"2024-08-31T16:26:27","guid":{"rendered":"https:\/\/dominique-ara.com\/about\/maili\/"},"modified":"2025-06-11T08:18:27","modified_gmt":"2025-06-11T06:18:27","slug":"maili","status":"publish","type":"page","link":"https:\/\/dominique-ara.com\/fr\/about\/maili\/","title":{"rendered":"Maili, \u00e0 but non lucratif"},"content":{"rendered":"\t\t<div data-elementor-type=\"wp-page\" data-elementor-id=\"10247\" class=\"elementor elementor-10247 elementor-6740\" data-elementor-post-type=\"page\">\n\t\t\t\t<div class=\"elementor-element elementor-element-9a0cc0 e-con-full e-flex e-con e-parent\" data-id=\"9a0cc0\" data-element_type=\"container\" data-e-type=\"container\">\n\t\t<div class=\"elementor-element elementor-element-653c4724 e-con-full e-flex e-con e-child\" data-id=\"653c4724\" data-element_type=\"container\" data-e-type=\"container\" data-settings=\"{&quot;background_background&quot;:&quot;classic&quot;}\">\n\t\t\t\t<\/div>\n\t\t<div class=\"elementor-element elementor-element-29e9131 e-con-full e-flex e-con e-child\" data-id=\"29e9131\" data-element_type=\"container\" data-e-type=\"container\">\n\t\t\t\t<div class=\"elementor-element elementor-element-2977384 elementor-widget elementor-widget-heading\" data-id=\"2977384\" data-element_type=\"widget\" data-e-type=\"widget\" data-widget_type=\"heading.default\">\n\t\t\t\t<div class=\"elementor-widget-container\">\n\t\t\t\t\t<h2 class=\"elementor-heading-title elementor-size-default\">Maili, \u00e0 but non lucratif<\/h2>\t\t\t\t<\/div>\n\t\t\t\t<\/div>\n\t\t\t\t<div class=\"elementor-element elementor-element-f08bdf8 elementor-widget elementor-widget-text-editor\" data-id=\"f08bdf8\" data-element_type=\"widget\" data-e-type=\"widget\" data-widget_type=\"text-editor.default\">\n\t\t\t\t<div class=\"elementor-widget-container\">\n\t\t\t\t\t\t\t\t\tFond\u00e9e en 2012, l\u2019association MAILI est notre organisation \u00e0 but non lucratif dont la mission est d\u2019apporter des changements sanitaires, \u00e9ducatif et \u00e9cologiques significatifs dans la r\u00e9gion de Lapu. Le comit\u00e9 est compos\u00e9 d\u2019un couple de voisins ayant un engagement commun \u00e0 faire une diff\u00e9rence significative dans la vie des moins fortun\u00e9s.  \t\t\t\t\t\t\t\t<\/div>\n\t\t\t\t<\/div>\n\t\t\t\t<div class=\"elementor-element elementor-element-48eb0584 elementor-align-left elementor-widget-mobile__width-inherit elementor-tablet-align-left elementor-invisible elementor-widget elementor-widget-button\" data-id=\"48eb0584\" data-element_type=\"widget\" data-e-type=\"widget\" data-settings=\"{&quot;_animation&quot;:&quot;fadeInDown&quot;}\" data-widget_type=\"button.default\">\n\t\t\t\t<div class=\"elementor-widget-container\">\n\t\t\t\t\t\t\t\t\t<div class=\"elementor-button-wrapper\">\n\t\t\t\t\t<a class=\"elementor-button elementor-button-link elementor-size-sm\" href=\"https:\/\/www.maili.ch\/\">\n\t\t\t\t\t\t<span class=\"elementor-button-content-wrapper\">\n\t\t\t\t\t\t\t\t\t<span class=\"elementor-button-text\">En savoir plus<\/span>\n\t\t\t\t\t<\/span>\n\t\t\t\t\t<\/a>\n\t\t\t\t<\/div>\n\t\t\t\t\t\t\t\t<\/div>\n\t\t\t\t<\/div>\n\t\t\t\t<\/div>\n\t\t\t\t<\/div>\n\t\t<div class=\"elementor-element elementor-element-19fe6017 e-con-full e-flex e-con e-parent\" data-id=\"19fe6017\" data-element_type=\"container\" data-e-type=\"container\">\n\t\t<div class=\"elementor-element elementor-element-67abb510 e-con-full e-flex e-con e-child\" data-id=\"67abb510\" data-element_type=\"container\" data-e-type=\"container\">\n\t\t\t\t<div class=\"elementor-element elementor-element-1d4bef9d elementor-widget elementor-widget-heading\" data-id=\"1d4bef9d\" data-element_type=\"widget\" data-e-type=\"widget\" data-widget_type=\"heading.default\">\n\t\t\t\t<div class=\"elementor-widget-container\">\n\t\t\t\t\t<h1 class=\"elementor-heading-title elementor-size-default\">Inspir\u00e9 par les voyages, motiv\u00e9 par une vision<\/h1>\t\t\t\t<\/div>\n\t\t\t\t<\/div>\n\t\t\t\t<div class=\"elementor-element elementor-element-25f845b2 elementor-widget elementor-widget-text-editor\" data-id=\"25f845b2\" data-element_type=\"widget\" data-e-type=\"widget\" data-widget_type=\"text-editor.default\">\n\t\t\t\t<div class=\"elementor-widget-container\">\n\t\t\t\t\t\t\t\t\tNotre voyage a commenc\u00e9 lorsque nos voisins, inspir\u00e9s par leurs voyages et un sens profond de la responsabilit\u00e9 sociale, ont d\u00e9cid\u00e9 de cr\u00e9er une organisation qui aurait un impact significatif.<br>Ce qui a commenc\u00e9 comme un simple geste pour aider un guide n\u00e9palais au cours de ses voyages est devenu une puissante organisation d\u00e9di\u00e9e au soutien des communaut\u00e9s Lapu dans le besoin.<br>Bien que nous n\u2019ayons pas entrepris ces voyages nous-m\u00eames \u00e0 l\u2019\u00e9poque, leurs exp\u00e9riences et le lien initial ont suscit\u00e9 un engagement commun qui nous a amen\u00e9s \u00e0 unir nos forces et \u00e0 d\u00e9velopper cet effort pour en faire une association pleinement op\u00e9rationnelle. Guid\u00e9s par une volont\u00e9 in\u00e9branlable d\u2019am\u00e9liorer les conditions de vie, nous sommes devenus un catalyseur de la transformation, r\u00e9pondant \u00e0 des besoins urgents dans toute la r\u00e9gion.     \t\t\t\t\t\t\t\t<\/div>\n\t\t\t\t<\/div>\n\t\t\t\t<div class=\"elementor-element elementor-element-dd7b356 elementor-align-left elementor-widget-mobile__width-inherit elementor-tablet-align-left elementor-widget elementor-widget-button\" data-id=\"dd7b356\" data-element_type=\"widget\" data-e-type=\"widget\" data-settings=\"{&quot;_animation&quot;:&quot;none&quot;}\" data-widget_type=\"button.default\">\n\t\t\t\t<div class=\"elementor-widget-container\">\n\t\t\t\t\t\t\t\t\t<div class=\"elementor-button-wrapper\">\n\t\t\t\t\t<a class=\"elementor-button elementor-button-link elementor-size-sm\" href=\"https:\/\/www.maili.ch\/projets\">\n\t\t\t\t\t\t<span class=\"elementor-button-content-wrapper\">\n\t\t\t\t\t\t\t\t\t<span class=\"elementor-button-text\">En savoir plus<\/span>\n\t\t\t\t\t<\/span>\n\t\t\t\t\t<\/a>\n\t\t\t\t<\/div>\n\t\t\t\t\t\t\t\t<\/div>\n\t\t\t\t<\/div>\n\t\t\t\t<\/div>\n\t\t<div class=\"elementor-element elementor-element-10213a3d e-con-full e-flex e-con e-child\" data-id=\"10213a3d\" data-element_type=\"container\" data-e-type=\"container\" data-settings=\"{&quot;background_background&quot;:&quot;classic&quot;}\">\n\t\t\t\t<\/div>\n\t\t\t\t<\/div>\n\t\t<div class=\"elementor-element elementor-element-495909aa e-con-full e-flex e-con e-parent\" data-id=\"495909aa\" data-element_type=\"container\" data-e-type=\"container\">\n\t\t<div class=\"elementor-element elementor-element-7784e3a8 e-con-full e-flex e-con e-child\" data-id=\"7784e3a8\" data-element_type=\"container\" data-e-type=\"container\" data-settings=\"{&quot;background_background&quot;:&quot;classic&quot;}\">\n\t\t\t\t<\/div>\n\t\t<div class=\"elementor-element elementor-element-b374357 e-con-full e-flex e-con e-child\" data-id=\"b374357\" data-element_type=\"container\" data-e-type=\"container\">\n\t\t\t\t<div class=\"elementor-element elementor-element-6a5bcbf0 elementor-widget elementor-widget-heading\" data-id=\"6a5bcbf0\" data-element_type=\"widget\" data-e-type=\"widget\" data-widget_type=\"heading.default\">\n\t\t\t\t<div class=\"elementor-widget-container\">\n\t\t\t\t\t<h2 class=\"elementor-heading-title elementor-size-default\">Aider les communaut\u00e9s, un projet \u00e0 la fois<\/h2>\t\t\t\t<\/div>\n\t\t\t\t<\/div>\n\t\t\t\t<div class=\"elementor-element elementor-element-1f6ee2eb elementor-widget elementor-widget-text-editor\" data-id=\"1f6ee2eb\" data-element_type=\"widget\" data-e-type=\"widget\" data-widget_type=\"text-editor.default\">\n\t\t\t\t<div class=\"elementor-widget-container\">\n\t\t\t\t\t\t\t\t\tDepuis notre cr\u00e9ation en 2012, nous avons fi\u00e8rement vendu plus de 15 000 \u00e9charpes en plus de 12 ans \u2013 chacune d\u2019entre elles t\u00e9moignant de notre d\u00e9vouement \u00e0 l\u2019aide durable et du travail acharn\u00e9 de notre incroyable \u00e9quipe, de nos sympathisants et de nos partenaires. Ces r\u00e9alisations mettent en \u00e9vidence le pouvoir de l\u2019effort collectif pour faire une diff\u00e9rence tangible. \n\nNos projets comprennent la construction d\u2019un syst\u00e8me de distribution d\u2019eau dans le village de Lapu, la construction de deux dispensaires, d\u2019une \u00e9cole et l\u2019installation de centaines de toilettes. Nous croyons \u00e0 l\u2019innovation et \u00e0 la durabilit\u00e9, c\u2019est pourquoi notre derni\u00e8re initiative vise \u00e0 fournir aux touristes un acc\u00e8s \u00e0 de l\u2019eau propre sans avoir recours \u00e0 des bouteilles en plastique \u00e0 usage unique. \t\t\t\t\t\t\t\t<\/div>\n\t\t\t\t<\/div>\n\t\t\t\t<div class=\"elementor-element elementor-element-56d29969 elementor-align-left elementor-widget-mobile__width-inherit elementor-tablet-align-left elementor-widget elementor-widget-button\" data-id=\"56d29969\" data-element_type=\"widget\" data-e-type=\"widget\" data-settings=\"{&quot;_animation&quot;:&quot;none&quot;}\" data-widget_type=\"button.default\">\n\t\t\t\t<div class=\"elementor-widget-container\">\n\t\t\t\t\t\t\t\t\t<div class=\"elementor-button-wrapper\">\n\t\t\t\t\t<a class=\"elementor-button elementor-button-link elementor-size-sm\" href=\"https:\/\/www.maili.ch\/projets\">\n\t\t\t\t\t\t<span class=\"elementor-button-content-wrapper\">\n\t\t\t\t\t\t\t\t\t<span class=\"elementor-button-text\">En savoir plus<\/span>\n\t\t\t\t\t<\/span>\n\t\t\t\t\t<\/a>\n\t\t\t\t<\/div>\n\t\t\t\t\t\t\t\t<\/div>\n\t\t\t\t<\/div>\n\t\t\t\t<\/div>\n\t\t\t\t<\/div>\n\t\t<div class=\"elementor-element elementor-element-59bb92b4 e-con-full e-flex e-con e-parent\" data-id=\"59bb92b4\" data-element_type=\"container\" data-e-type=\"container\">\n\t\t<div class=\"elementor-element elementor-element-78d6a844 e-con-full e-flex e-con e-child\" data-id=\"78d6a844\" data-element_type=\"container\" data-e-type=\"container\">\n\t\t\t\t<div class=\"elementor-element elementor-element-6a0b8a52 elementor-widget elementor-widget-heading\" data-id=\"6a0b8a52\" data-element_type=\"widget\" data-e-type=\"widget\" data-widget_type=\"heading.default\">\n\t\t\t\t<div class=\"elementor-widget-container\">\n\t\t\t\t\t<h1 class=\"elementor-heading-title elementor-size-default\">Une r\u00e9ponse rapide en temps de crise<\/h1>\t\t\t\t<\/div>\n\t\t\t\t<\/div>\n\t\t\t\t<div class=\"elementor-element elementor-element-6de8906f elementor-widget elementor-widget-text-editor\" data-id=\"6de8906f\" data-element_type=\"widget\" data-e-type=\"widget\" data-widget_type=\"text-editor.default\">\n\t\t\t\t<div class=\"elementor-widget-container\">\n\t\t\t\t\t\t\t\t\t<p>Lorsque la catastrophe a frapp\u00e9 en 2015, notre engagement \u00e0 aider les personnes dans le besoin a \u00e9t\u00e9 mis \u00e0 l \u00ab \u00e9preuve. Gr\u00e2ce \u00e0 nos solides relations locales, nous avons \u00e9t\u00e9 parmi les premiers \u00e0 atteindre les zones touch\u00e9es. Nous avons \u00e9t\u00e9 personnellement t\u00e9moins de la d\u00e9vastation &#8211; les maisons effondr\u00e9es, les communaut\u00e9s submerg\u00e9es et les sourires innocents des enfants au milieu du chaos. Ce fut une profonde le\u00e7on de vie, qui a renforc\u00e9 notre d\u00e9termination \u00e0 faire la diff\u00e9rence.<br>Gr\u00e2ce au soutien ind\u00e9fectible de nos acheteurs, nous avons pu apporter une aide imm\u00e9diate et une assistance \u00e0 long terme \u00e0 des centaines de foyers. Notre r\u00e9ponse a \u00e9t\u00e9 rapide, mais notre d\u00e9vouement \u00e0 l \u00bb \u00e9gard de ceux que nous servons reste durable. Cette exp\u00e9rience nous a confort\u00e9s dans l&rsquo;id\u00e9e que, face \u00e0 l&rsquo;adversit\u00e9, la compassion peut redonner de l&rsquo;espoir et reconstruire des vies.     <\/p>\t\t\t\t\t\t\t\t<\/div>\n\t\t\t\t<\/div>\n\t\t\t\t<div class=\"elementor-element elementor-element-50b96fd8 elementor-align-left elementor-widget-mobile__width-inherit elementor-tablet-align-left elementor-widget elementor-widget-button\" data-id=\"50b96fd8\" data-element_type=\"widget\" data-e-type=\"widget\" data-settings=\"{&quot;_animation&quot;:&quot;none&quot;}\" data-widget_type=\"button.default\">\n\t\t\t\t<div class=\"elementor-widget-container\">\n\t\t\t\t\t\t\t\t\t<div class=\"elementor-button-wrapper\">\n\t\t\t\t\t<a class=\"elementor-button elementor-button-link elementor-size-sm\" href=\"https:\/\/www.maili.ch\/projets\">\n\t\t\t\t\t\t<span class=\"elementor-button-content-wrapper\">\n\t\t\t\t\t\t\t\t\t<span class=\"elementor-button-text\">En savoir plus<\/span>\n\t\t\t\t\t<\/span>\n\t\t\t\t\t<\/a>\n\t\t\t\t<\/div>\n\t\t\t\t\t\t\t\t<\/div>\n\t\t\t\t<\/div>\n\t\t\t\t<\/div>\n\t\t<div class=\"elementor-element elementor-element-5f2cf8e1 e-con-full e-flex e-con e-child\" data-id=\"5f2cf8e1\" data-element_type=\"container\" data-e-type=\"container\" data-settings=\"{&quot;background_background&quot;:&quot;classic&quot;}\">\n\t\t\t\t<\/div>\n\t\t\t\t<\/div>\n\t\t<div class=\"elementor-element elementor-element-db4eb6a e-con-full e-flex e-con e-parent\" data-id=\"db4eb6a\" data-element_type=\"container\" data-e-type=\"container\">\n\t\t<div class=\"elementor-element elementor-element-5ddfc47c e-con-full e-flex e-con e-child\" data-id=\"5ddfc47c\" data-element_type=\"container\" data-e-type=\"container\" data-settings=\"{&quot;background_background&quot;:&quot;classic&quot;}\">\n\t\t\t\t<\/div>\n\t\t<div class=\"elementor-element elementor-element-ba801d6 e-con-full e-flex e-con e-child\" data-id=\"ba801d6\" data-element_type=\"container\" data-e-type=\"container\">\n\t\t\t\t<div class=\"elementor-element elementor-element-ad1dbf3 elementor-widget elementor-widget-heading\" data-id=\"ad1dbf3\" data-element_type=\"widget\" data-e-type=\"widget\" data-widget_type=\"heading.default\">\n\t\t\t\t<div class=\"elementor-widget-container\">\n\t\t\t\t\t<h2 class=\"elementor-heading-title elementor-size-default\">Aidez-nous pour faire la diff\u00e9rence<\/h2>\t\t\t\t<\/div>\n\t\t\t\t<\/div>\n\t\t\t\t<div class=\"elementor-element elementor-element-7b4ed76d elementor-widget elementor-widget-text-editor\" data-id=\"7b4ed76d\" data-element_type=\"widget\" data-e-type=\"widget\" data-widget_type=\"text-editor.default\">\n\t\t\t\t<div class=\"elementor-widget-container\">\n\t\t\t\t\t\t\t\t\tNous sommes honor\u00e9s du soutien des entreprises qui, par le pass\u00e9, nous ont permis de promouvoir nos produits dans leurs locaux, en prenant souvent en charge une partie des co\u00fbts lors d\u2019\u00e9v\u00e9nements sp\u00e9ciaux tels que No\u00ebl. Nous vous invitons \u00e0 faire de m\u00eame, car il est essentiel d\u2019\u00e9largir notre zone de chalandise pour continuer \u00e0 financer nos projets \u00e9cologiques ambitieux.\n\nNous sommes motiv\u00e9s par l\u2019engagement de nos coll\u00e8gues sur le terrain et des opportunit\u00e9s qui s\u2019offrent \u00e0 eux. Votre soutien est non seulement appr\u00e9ci\u00e9, mais aussi essentiel \u00e0 la r\u00e9alisation de notre mission. Ensemble, nous pouvons \u00e9tendre notre port\u00e9e, accroitre notre impact et continuer \u00e0 renforcer les communaut\u00e9s que nous servons, tout en leur donnant les moyens d\u2019agir.  \t\t\t\t\t\t\t\t<\/div>\n\t\t\t\t<\/div>\n\t\t\t\t<div class=\"elementor-element elementor-element-46b119f3 elementor-align-left elementor-widget-mobile__width-inherit elementor-tablet-align-left elementor-widget elementor-widget-button\" data-id=\"46b119f3\" data-element_type=\"widget\" data-e-type=\"widget\" data-settings=\"{&quot;_animation&quot;:&quot;none&quot;}\" data-widget_type=\"button.default\">\n\t\t\t\t<div class=\"elementor-widget-container\">\n\t\t\t\t\t\t\t\t\t<div class=\"elementor-button-wrapper\">\n\t\t\t\t\t<a class=\"elementor-button elementor-button-link elementor-size-sm\" href=\"mailto:dom@dominique-ara.com\">\n\t\t\t\t\t\t<span class=\"elementor-button-content-wrapper\">\n\t\t\t\t\t\t\t\t\t<span class=\"elementor-button-text\">Rejoignez-nous !<\/span>\n\t\t\t\t\t<\/span>\n\t\t\t\t\t<\/a>\n\t\t\t\t<\/div>\n\t\t\t\t\t\t\t\t<\/div>\n\t\t\t\t<\/div>\n\t\t\t\t<\/div>\n\t\t\t\t<\/div>\n\t\t\t\t<\/div>\n\t\t","protected":false},"excerpt":{"rendered":"<p>D\u00e9couvrez comment Dominique Ara soutient Maili depuis 2012, en aidant les communaut\u00e9s n\u00e9palaises par le biais de projets durables tels que des syst\u00e8mes d&rsquo;eau potable et des initiatives en mati\u00e8re d&rsquo;\u00e9ducation.<\/p>\n","protected":false},"author":2,"featured_media":0,"parent":10218,"menu_order":2,"comment_status":"closed","ping_status":"closed","template":"","meta":{"footnotes":""},"class_list":["post-10247","page","type-page","status-publish","hentry"],"yoast_head":"<!-- This site is optimized with the Yoast SEO plugin v27.6 - https:\/\/yoast.com\/product\/yoast-seo-wordpress\/ -->\n<title>Maili, \u00e0 but non lucratif - Dominique Ara<\/title>\n<meta name=\"robots\" content=\"index, follow, max-snippet:-1, max-image-preview:large, max-video-preview:-1\" \/>\n<link rel=\"canonical\" href=\"https:\/\/dominique-ara.com\/fr\/about\/maili\/\" \/>\n<meta property=\"og:locale\" content=\"fr_FR\" \/>\n<meta property=\"og:type\" content=\"article\" \/>\n<meta property=\"og:title\" content=\"Maili, \u00e0 but non lucratif - Dominique Ara\" \/>\n<meta property=\"og:description\" content=\"D\u00e9couvrez comment Dominique Ara soutient Maili depuis 2012, en aidant les communaut\u00e9s n\u00e9palaises par le biais de projets durables tels que des syst\u00e8mes d&#039;eau potable et des initiatives en mati\u00e8re d&#039;\u00e9ducation.\" \/>\n<meta property=\"og:url\" content=\"https:\/\/dominique-ara.com\/fr\/about\/maili\/\" \/>\n<meta property=\"og:site_name\" content=\"Dominique Ara\" \/>\n<meta property=\"article:modified_time\" content=\"2025-06-11T06:18:27+00:00\" \/>\n<meta property=\"og:image\" content=\"https:\/\/dominique-ara.com\/wp-content\/uploads\/2025\/07\/eclats-couleurs-logos.png\" \/>\n\t<meta property=\"og:image:width\" content=\"2224\" \/>\n\t<meta property=\"og:image:height\" content=\"1668\" \/>\n\t<meta property=\"og:image:type\" content=\"image\/png\" \/>\n<meta name=\"twitter:card\" content=\"summary_large_image\" \/>\n<meta name=\"twitter:label1\" content=\"Dur\u00e9e de lecture estim\u00e9e\" \/>\n\t<meta name=\"twitter:data1\" content=\"3 minutes\" \/>\n<script type=\"application\/ld+json\" class=\"yoast-schema-graph\">{\"@context\":\"https:\\\/\\\/schema.org\",\"@graph\":[{\"@type\":\"WebPage\",\"@id\":\"https:\\\/\\\/dominique-ara.com\\\/fr\\\/about\\\/maili\\\/\",\"url\":\"https:\\\/\\\/dominique-ara.com\\\/fr\\\/about\\\/maili\\\/\",\"name\":\"Maili, \u00e0 but non lucratif - Dominique Ara\",\"isPartOf\":{\"@id\":\"https:\\\/\\\/dominique-ara.com\\\/fr\\\/#website\"},\"datePublished\":\"2024-08-31T16:26:27+00:00\",\"dateModified\":\"2025-06-11T06:18:27+00:00\",\"breadcrumb\":{\"@id\":\"https:\\\/\\\/dominique-ara.com\\\/fr\\\/about\\\/maili\\\/#breadcrumb\"},\"inLanguage\":\"fr-FR\",\"potentialAction\":[{\"@type\":\"ReadAction\",\"target\":[\"https:\\\/\\\/dominique-ara.com\\\/fr\\\/about\\\/maili\\\/\"]}]},{\"@type\":\"BreadcrumbList\",\"@id\":\"https:\\\/\\\/dominique-ara.com\\\/fr\\\/about\\\/maili\\\/#breadcrumb\",\"itemListElement\":[{\"@type\":\"ListItem\",\"position\":1,\"name\":\"Home\",\"item\":\"https:\\\/\\\/dominique-ara.com\\\/fr\\\/\"},{\"@type\":\"ListItem\",\"position\":2,\"name\":\"\u00c0 propos\",\"item\":\"https:\\\/\\\/dominique-ara.com\\\/fr\\\/about\\\/\"},{\"@type\":\"ListItem\",\"position\":3,\"name\":\"Maili, \u00e0 but non lucratif\"}]},{\"@type\":\"WebSite\",\"@id\":\"https:\\\/\\\/dominique-ara.com\\\/fr\\\/#website\",\"url\":\"https:\\\/\\\/dominique-ara.com\\\/fr\\\/\",\"name\":\"Dominique Ara\",\"description\":\"Elevate Soft Skills &amp; Amplify Impact\",\"publisher\":{\"@id\":\"https:\\\/\\\/dominique-ara.com\\\/fr\\\/#organization\"},\"alternateName\":\"darasite\",\"potentialAction\":[{\"@type\":\"SearchAction\",\"target\":{\"@type\":\"EntryPoint\",\"urlTemplate\":\"https:\\\/\\\/dominique-ara.com\\\/fr\\\/?s={search_term_string}\"},\"query-input\":{\"@type\":\"PropertyValueSpecification\",\"valueRequired\":true,\"valueName\":\"search_term_string\"}}],\"inLanguage\":\"fr-FR\"},{\"@type\":\"Organization\",\"@id\":\"https:\\\/\\\/dominique-ara.com\\\/fr\\\/#organization\",\"name\":\"Dominique Ara\",\"url\":\"https:\\\/\\\/dominique-ara.com\\\/fr\\\/\",\"logo\":{\"@type\":\"ImageObject\",\"inLanguage\":\"fr-FR\",\"@id\":\"https:\\\/\\\/dominique-ara.com\\\/fr\\\/#\\\/schema\\\/logo\\\/image\\\/\",\"url\":\"https:\\\/\\\/dominique-ara.com\\\/wp-content\\\/uploads\\\/2025\\\/08\\\/Log_400x300.png\",\"contentUrl\":\"https:\\\/\\\/dominique-ara.com\\\/wp-content\\\/uploads\\\/2025\\\/08\\\/Log_400x300.png\",\"width\":400,\"height\":300,\"caption\":\"Dominique Ara\"},\"image\":{\"@id\":\"https:\\\/\\\/dominique-ara.com\\\/fr\\\/#\\\/schema\\\/logo\\\/image\\\/\"},\"sameAs\":[\"https:\\\/\\\/www.linkedin.com\\\/in\\\/dominique-ara\\\/\"]}]}<\/script>\n<!-- \/ Yoast SEO plugin. -->","yoast_head_json":{"title":"Maili, \u00e0 but non lucratif - Dominique Ara","robots":{"index":"index","follow":"follow","max-snippet":"max-snippet:-1","max-image-preview":"max-image-preview:large","max-video-preview":"max-video-preview:-1"},"canonical":"https:\/\/dominique-ara.com\/fr\/about\/maili\/","og_locale":"fr_FR","og_type":"article","og_title":"Maili, \u00e0 but non lucratif - Dominique Ara","og_description":"D\u00e9couvrez comment Dominique Ara soutient Maili depuis 2012, en aidant les communaut\u00e9s n\u00e9palaises par le biais de projets durables tels que des syst\u00e8mes d'eau potable et des initiatives en mati\u00e8re d'\u00e9ducation.","og_url":"https:\/\/dominique-ara.com\/fr\/about\/maili\/","og_site_name":"Dominique Ara","article_modified_time":"2025-06-11T06:18:27+00:00","og_image":[{"width":2224,"height":1668,"url":"https:\/\/dominique-ara.com\/wp-content\/uploads\/2025\/07\/eclats-couleurs-logos.png","type":"image\/png"}],"twitter_card":"summary_large_image","twitter_misc":{"Dur\u00e9e de lecture estim\u00e9e":"3 minutes"},"schema":{"@context":"https:\/\/schema.org","@graph":[{"@type":"WebPage","@id":"https:\/\/dominique-ara.com\/fr\/about\/maili\/","url":"https:\/\/dominique-ara.com\/fr\/about\/maili\/","name":"Maili, \u00e0 but non lucratif - Dominique Ara","isPartOf":{"@id":"https:\/\/dominique-ara.com\/fr\/#website"},"datePublished":"2024-08-31T16:26:27+00:00","dateModified":"2025-06-11T06:18:27+00:00","breadcrumb":{"@id":"https:\/\/dominique-ara.com\/fr\/about\/maili\/#breadcrumb"},"inLanguage":"fr-FR","potentialAction":[{"@type":"ReadAction","target":["https:\/\/dominique-ara.com\/fr\/about\/maili\/"]}]},{"@type":"BreadcrumbList","@id":"https:\/\/dominique-ara.com\/fr\/about\/maili\/#breadcrumb","itemListElement":[{"@type":"ListItem","position":1,"name":"Home","item":"https:\/\/dominique-ara.com\/fr\/"},{"@type":"ListItem","position":2,"name":"\u00c0 propos","item":"https:\/\/dominique-ara.com\/fr\/about\/"},{"@type":"ListItem","position":3,"name":"Maili, \u00e0 but non lucratif"}]},{"@type":"WebSite","@id":"https:\/\/dominique-ara.com\/fr\/#website","url":"https:\/\/dominique-ara.com\/fr\/","name":"Dominique Ara","description":"Elevate Soft Skills &amp; Amplify Impact","publisher":{"@id":"https:\/\/dominique-ara.com\/fr\/#organization"},"alternateName":"darasite","potentialAction":[{"@type":"SearchAction","target":{"@type":"EntryPoint","urlTemplate":"https:\/\/dominique-ara.com\/fr\/?s={search_term_string}"},"query-input":{"@type":"PropertyValueSpecification","valueRequired":true,"valueName":"search_term_string"}}],"inLanguage":"fr-FR"},{"@type":"Organization","@id":"https:\/\/dominique-ara.com\/fr\/#organization","name":"Dominique Ara","url":"https:\/\/dominique-ara.com\/fr\/","logo":{"@type":"ImageObject","inLanguage":"fr-FR","@id":"https:\/\/dominique-ara.com\/fr\/#\/schema\/logo\/image\/","url":"https:\/\/dominique-ara.com\/wp-content\/uploads\/2025\/08\/Log_400x300.png","contentUrl":"https:\/\/dominique-ara.com\/wp-content\/uploads\/2025\/08\/Log_400x300.png","width":400,"height":300,"caption":"Dominique Ara"},"image":{"@id":"https:\/\/dominique-ara.com\/fr\/#\/schema\/logo\/image\/"},"sameAs":["https:\/\/www.linkedin.com\/in\/dominique-ara\/"]}]}},"_links":{"self":[{"href":"https:\/\/dominique-ara.com\/fr\/wp-json\/wp\/v2\/pages\/10247","targetHints":{"allow":["GET"]}}],"collection":[{"href":"https:\/\/dominique-ara.com\/fr\/wp-json\/wp\/v2\/pages"}],"about":[{"href":"https:\/\/dominique-ara.com\/fr\/wp-json\/wp\/v2\/types\/page"}],"author":[{"embeddable":true,"href":"https:\/\/dominique-ara.com\/fr\/wp-json\/wp\/v2\/users\/2"}],"replies":[{"embeddable":true,"href":"https:\/\/dominique-ara.com\/fr\/wp-json\/wp\/v2\/comments?post=10247"}],"version-history":[{"count":3,"href":"https:\/\/dominique-ara.com\/fr\/wp-json\/wp\/v2\/pages\/10247\/revisions"}],"predecessor-version":[{"id":11521,"href":"https:\/\/dominique-ara.com\/fr\/wp-json\/wp\/v2\/pages\/10247\/revisions\/11521"}],"up":[{"embeddable":true,"href":"https:\/\/dominique-ara.com\/fr\/wp-json\/wp\/v2\/pages\/10218"}],"wp:attachment":[{"href":"https:\/\/dominique-ara.com\/fr\/wp-json\/wp\/v2\/media?parent=10247"}],"curies":[{"name":"wp","href":"https:\/\/api.w.org\/{rel}","templated":true}]}}